{"id":49,"date":"2020-10-23T14:25:35","date_gmt":"2020-10-23T12:25:35","guid":{"rendered":"http:\/\/gabrieleamor.com\/?page_id=49"},"modified":"2025-10-25T12:04:50","modified_gmt":"2025-10-25T10:04:50","slug":"biographie","status":"publish","type":"page","link":"https:\/\/gabrieleamor.com\/?page_id=49","title":{"rendered":"BIOGRAPHY"},"content":{"rendered":"\r\n<p>Gabriele Amor was born in Italy and is graduate of the Art Institute in Florence. After a few years as an art teacher she started her own gallery on the island of Elba, exhibiting landscape paintings while also organising concerts and exhibitions for the island&#8217;s capital city Portoferraio.<br \/>In 2012, she returned to Florence\u00a0<img loading=\"lazy\" decoding=\"async\" class=\"size-medium wp-image-423 alignleft\" src=\"http:\/\/gabrieleamor.com\/wp-content\/uploads\/2022\/12\/20201019_145048-Copie-248x300.jpg\" alt=\"\" width=\"248\" height=\"300\" srcset=\"https:\/\/gabrieleamor.com\/wp-content\/uploads\/2022\/12\/20201019_145048-Copie-248x300.jpg 248w, https:\/\/gabrieleamor.com\/wp-content\/uploads\/2022\/12\/20201019_145048-Copie-768x929.jpg 768w, https:\/\/gabrieleamor.com\/wp-content\/uploads\/2022\/12\/20201019_145048-Copie-847x1024.jpg 847w, https:\/\/gabrieleamor.com\/wp-content\/uploads\/2022\/12\/20201019_145048-Copie.jpg 1548w\" sizes=\"auto, (max-width: 248px) 100vw, 248px\" \/>and began travelling throughout Europe and the USA. She settled in Nice, France, in 2014, and returned to art making, creating drawings, masks, and artist books. she was invited at several artist books fairs in Europe and Asia.\u00a0<\/p>\r\n<p>She also run workshops of poetry expression in Nice cooperating with the network of the\u00a0 Nice Public Library.<\/p>\r\n<p>\r\n\r\n<\/p>\r\n<p><\/p>\r\n<p><img loading=\"lazy\" decoding=\"async\" class=\"size-medium wp-image-427 alignleft\" src=\"http:\/\/gabrieleamor.com\/wp-content\/uploads\/2022\/12\/20220627_113259-300x225.jpg\" alt=\"\" width=\"300\" height=\"225\" srcset=\"https:\/\/gabrieleamor.com\/wp-content\/uploads\/2022\/12\/20220627_113259-300x225.jpg 300w, https:\/\/gabrieleamor.com\/wp-content\/uploads\/2022\/12\/20220627_113259-768x576.jpg 768w, https:\/\/gabrieleamor.com\/wp-content\/uploads\/2022\/12\/20220627_113259-1024x768.jpg 1024w\" sizes=\"auto, (max-width: 300px) 100vw, 300px\" \/><\/p>\r\n<p>BIOGRAPHIE<\/p>\r\n<p>Gabriele Amor est n\u00e9e en Italie, licenci\u00e9e de l&#8217;Institut d&#8217;Art de Florence o\u00f9 elle enseigne pendant quelques ann\u00e9es le dessin et l&#8217;histoire de l&#8217;Art. Elle ouvre une galerie sur l&#8217;ile d&#8217;Elbe en 2002, exposant surtout des paysages ; en m\u00eame temps, elle organise des concerts et des expositions pour la mairie de Portoferraio. En 2012 elle rentre \u00e0 Florence, voyage en Europe et aux USA. <br \/>Elle s&#8217;installe \u00e0 Nice en 2014 et reprend son activit\u00e9 artistique, travaillant avec le papier : dessins, estampes ; cr\u00e9ant aussi des masques ou des livres d&#8217;artiste en \u00e9dition originale. <br \/>L&#8217;\u00e9criture est n\u00e9e comme un compl\u00e9ment aux livres d&#8217;artiste, pour mieux d\u00e9finir l&#8217;univers de Gabriele ou ses &#8220;constellations&#8221; . Dans ses \u00e9critures, il y a le voyage cosmique et aussi la fuite sur les chemins qui m\u00e8nent vers &#8220;leurs buts secrets&#8221;.<\/p>\r\n<!-- \/wp:post-content -->\r\n\r\n<!-- wp:heading {\"level\":4} -->\r\n<h4>Son travail<\/h4>\r\n<!-- \/wp:heading -->\r\n\r\n<!-- wp:paragraph -->\r\n<p>Gabriele travaille avec le papier : dessins, masques, collages, livres d&#8217;artiste. <br \/>Livres objets faits avec du papier peint, du papier froiss\u00e9, coll\u00e9, d\u00e9chir\u00e9 avec des textes qui\u00a0 animent et int\u00e8grent la cr\u00e9ation artistique et souligne le caract\u00e8re original de l\u2019\u0153uvre.<br \/>Participe r\u00e9guli\u00e8rement \u00e0 des salons de livres d&#8217;artiste en Europe et en Asie, collabore avec la galerie librairie Rabelais.<br \/>Po\u00e8te francophone, Gabriele organise des spectacles po\u00e9sie\/musique \u00e0 Nice dirige des atelier d&#8217;expression poetique en collaboration avec le reseau des bibliotheques de Nice.<\/p>\r\n<p>&nbsp;<\/p>\r\n<!-- \/wp:paragraph -->\r\n\r\n<!-- wp:heading {\"level\":4} -->\r\n<h4><br \/>EXPOSITIONS<\/h4>\r\n<!-- \/wp:heading -->\r\n\r\n<!-- wp:list -->\r\n<p>&nbsp;<\/p>\r\n<ul>\r\n<li>2015 Solo exhibit Gabriele Amor drawings Galerie Rabelais, Nice, France<\/li>\r\n<li>2016 Solo exhibit Gabriele Amor drawings , Spacio Glicine, Florence<\/li>\r\n<li>2017 Histoire de livres. Art books fair, Bruxelles, Belgium<\/li>\r\n<li>2017 Never Read. art book fair, Basel, Switzerland<\/li>\r\n<li>2018 Solo exhibit Constellations et d\u00e9chirures (drawings)<\/li>\r\n<li>2018 Salon M\u00e9diterran\u00e9en de publication de femmes (exhibited limited edition artists books) Marseille, Frane<\/li>\r\n<li>2018 Art books fair Wiels Bruxelles, Belgium<\/li>\r\n<li>2018 Salon de livres d&#8217;artistes Ch\u00e2teaubriant, France<\/li>\r\n<li>2018 Festival du livres d&#8217;artistes Louvain-la-Neuve, Belgique<\/li>\r\n<li>2019 Solo exhibit Visual Poetry artist books and collages, Galerie Rabelais, Nice, France<\/li>\r\n<li>2019 Unfold, Shangha\u00ef, China<\/li>\r\n<li>2019 Minipresse, Mainz, Germany<\/li>\r\n<li>2019 VABF Vienna, Austria<\/li>\r\n<li>2020 Collages\/Masques, LuxArt Gallery, Nice, France<\/li>\r\n<li>2020 Expo Collective &#8220;Baudelaire&#8221; Librairie Rabelais, Nice<\/li>\r\n<li>2020 Expo Collective &#8220;Impressions surr\u00e9alistes&#8221; Librairie Rabelais, Nice<\/li>\r\n<li>2021 Salon du Livre Spirituel &#8211; Menton (France)<\/li>\r\n<li>2022 Expo Collective &#8220;Lumi\u00e8re&#8221; Librairie Rabelais, Nice<\/li>\r\n<li>2022 Expo Collective Galerie Renaissance Cannes<\/li>\r\n<li>2022 collective &#8220;kaleidoscope&#8221; Librairie Rabelais, Nice<\/li>\r\n2023 collective &#8220;Codexmania 1&#8221; Librerie Rabelais Nice<\/ul>\r\n<ul>2024 Expo Jean Villeri \/Gabriele Amor Librerie Rabelais Nice<\/ul>\r\n<ul>2024 Lecture p\u00e8mes Librerie Rabelais Nice<\/ul>\r\n<ul>2024 art book fair VABF Bergen Norvege<\/ul>\r\n<ul>2025 Expo collective Librerie Rabelais Nice\r\n2025 Le 55 Nice Solo expo<a href=\"http:\/\/gabrieleamor.com\/?attachment_id=658\" rel=\"attachment wp-att-658\"><img loading=\"lazy\" decoding=\"async\" src=\"http:\/\/gabrieleamor.com\/wp-content\/uploads\/2025\/10\/20251022_104952-300x225.jpg\" alt=\"\" width=\"300\" height=\"225\" class=\"alignnone size-medium wp-image-658\" srcset=\"https:\/\/gabrieleamor.com\/wp-content\/uploads\/2025\/10\/20251022_104952-300x225.jpg 300w, https:\/\/gabrieleamor.com\/wp-content\/uploads\/2025\/10\/20251022_104952-768x576.jpg 768w, https:\/\/gabrieleamor.com\/wp-content\/uploads\/2025\/10\/20251022_104952-1024x768.jpg 1024w\" sizes=\"auto, (max-width: 300px) 100vw, 300px\" \/><\/a>\r\n2025Expo Librerie Rabelais Nice<a href=\"http:\/\/gabrieleamor.com\/?attachment_id=659\" rel=\"attachment wp-att-659\"><img loading=\"lazy\" decoding=\"async\" src=\"http:\/\/gabrieleamor.com\/wp-content\/uploads\/2025\/10\/20251022_170147-300x225.jpg\" alt=\"\" width=\"300\" height=\"225\" class=\"alignnone size-medium wp-image-659\" \/><\/a>\r\n<!-- wp:heading {\"level\":4} -->\r\n<p>&nbsp;<\/p>\r\n<p>&nbsp;<\/p><!-- \/wp:heading -->","protected":false},"excerpt":{"rendered":"<p>Gabriele Amor was born in Italy and is graduate of the Art Institute in Florence. After a few years as an art teacher she started her own gallery on the island of Elba, exhibiting landscape paintings while also organising concerts and exhibitions for the island&#8217;s capital city Portoferraio.In 2012, she returned to Florence\u00a0and began travelling &hellip; <\/p>\n<p class=\"link-more\"><a href=\"https:\/\/gabrieleamor.com\/?page_id=49\" class=\"more-link\">Continue reading<span class=\"screen-reader-text\"> &#8220;BIOGRAPHY&#8221;<\/span><\/a><\/p>\n","protected":false},"author":1,"featured_media":0,"parent":0,"menu_order":0,"comment_status":"closed","ping_status":"closed","template":"","meta":{"footnotes":""},"class_list":["post-49","page","type-page","status-publish","hentry"],"_links":{"self":[{"href":"https:\/\/gabrieleamor.com\/index.php?rest_route=\/wp\/v2\/pages\/49","targetHints":{"allow":["GET"]}}],"collection":[{"href":"https:\/\/gabrieleamor.com\/index.php?rest_route=\/wp\/v2\/pages"}],"about":[{"href":"https:\/\/gabrieleamor.com\/index.php?rest_route=\/wp\/v2\/types\/page"}],"author":[{"embeddable":true,"href":"https:\/\/gabrieleamor.com\/index.php?rest_route=\/wp\/v2\/users\/1"}],"replies":[{"embeddable":true,"href":"https:\/\/gabrieleamor.com\/index.php?rest_route=%2Fwp%2Fv2%2Fcomments&post=49"}],"version-history":[{"count":52,"href":"https:\/\/gabrieleamor.com\/index.php?rest_route=\/wp\/v2\/pages\/49\/revisions"}],"predecessor-version":[{"id":661,"href":"https:\/\/gabrieleamor.com\/index.php?rest_route=\/wp\/v2\/pages\/49\/revisions\/661"}],"wp:attachment":[{"href":"https:\/\/gabrieleamor.com\/index.php?rest_route=%2Fwp%2Fv2%2Fmedia&parent=49"}],"curies":[{"name":"wp","href":"https:\/\/api.w.org\/{rel}","templated":true}]}}